{"id":14,"date":"2012-12-20T11:14:42","date_gmt":"2012-12-20T10:14:42","guid":{"rendered":"http:\/\/blogg-342.vm.ntnu.no\/norboltest\/?page_id=14"},"modified":"2026-01-13T10:56:18","modified_gmt":"2026-01-13T10:56:18","slug":"kontakt-oss","status":"publish","type":"page","link":"https:\/\/www.norbol.org\/index.php\/kontakt-oss\/","title":{"rendered":"Kontakt oss"},"content":{"rendered":"<p>NTNU Vitenskapsmuseet har det nasjonale koordinatoransvaret for NorBOL. Prosjektleder er <a href=\"https:\/\/www.ntnu.no\/ansatte\/torbjorn.ekrem\">Torbj\u00f8rn Ekrem<\/a>.<\/p>\n<p>Epost-listen v\u00e5r n\u00e5r mange med interesse og kunnskap om DNA-strekkoding i Norge. Bes\u00f8k denne siden for \u00e5 melde deg p\u00e5 listen og sende meldinger: <a href=\"https:\/\/lists.ansatt.ntnu.no\/vm.ntnu.no\/info\/norbol\" target=\"_blank\" rel=\"noopener\">NorBOL p\u00e5 epost<\/a>.<\/p>\n<h2>Barcode managers i NorBOL<\/h2>\n\n\n<div class=\"wp-block-group is-nowrap is-layout-flex wp-container-core-group-is-layout-6c531013 wp-block-group-is-layout-flex\">\n<div class=\"wp-block-media-text is-stacked-on-mobile\" style=\"grid-template-columns:16% auto\"><figure class=\"wp-block-media-text__media\"><img loading=\"lazy\" decoding=\"async\" width=\"800\" height=\"933\" src=\"https:\/\/www.norbol.org\/wp-content\/uploads\/2026\/01\/Aina-Maerk-Aspaas_Foto-Trond-Sverre-Kristiansen.jpg\" alt=\"\" class=\"wp-image-1865 size-full\" srcset=\"https:\/\/www.norbol.org\/wp-content\/uploads\/2026\/01\/Aina-Maerk-Aspaas_Foto-Trond-Sverre-Kristiansen.jpg 800w, https:\/\/www.norbol.org\/wp-content\/uploads\/2026\/01\/Aina-Maerk-Aspaas_Foto-Trond-Sverre-Kristiansen-257x300.jpg 257w, https:\/\/www.norbol.org\/wp-content\/uploads\/2026\/01\/Aina-Maerk-Aspaas_Foto-Trond-Sverre-Kristiansen-768x896.jpg 768w\" sizes=\"auto, (max-width: 800px) 100vw, 800px\" \/><\/figure><div class=\"wp-block-media-text__content\">\n<p><a href=\"https:\/\/www.ntnu.no\/ansatte\/aina.aspaas\">Aina M\u00e6rk Aspaas<\/a> har en mastergrad i ferskvanns\u00f8kologi, og har jobbet med DNA-strekkoding siden 2012. I sin stilling ved NTNU Vitenskapsmuseet jobber hun ogs\u00e5 mye med de vitenskapelige samlingene og samlingsbasen, samt deltar i ulike overv\u00e5kningsprosjekter. Aina har drevet oppl\u00e6ring av nye brukere i BOLD i forbindelse med NorBOL workshoper. Hun er regionalt kontaktpunkt for Midt-Norge og koordinerer strekkodingen av blant annet ferskvannsinsekter og moser.<\/p>\n<\/div><\/div>\n<\/div>\n\n\n\n<div class=\"wp-block-media-text is-stacked-on-mobile\" style=\"grid-template-columns:16% auto\"><figure class=\"wp-block-media-text__media\"><img loading=\"lazy\" decoding=\"async\" width=\"800\" height=\"996\" src=\"https:\/\/www.norbol.org\/wp-content\/uploads\/2026\/01\/Profilbilde_katrine_crop_small.jpg\" alt=\"\" class=\"wp-image-1845 size-full\" srcset=\"https:\/\/www.norbol.org\/wp-content\/uploads\/2026\/01\/Profilbilde_katrine_crop_small.jpg 800w, https:\/\/www.norbol.org\/wp-content\/uploads\/2026\/01\/Profilbilde_katrine_crop_small-241x300.jpg 241w, https:\/\/www.norbol.org\/wp-content\/uploads\/2026\/01\/Profilbilde_katrine_crop_small-768x956.jpg 768w\" sizes=\"auto, (max-width: 800px) 100vw, 800px\" \/><\/figure><div class=\"wp-block-media-text__content\">\n<p>Barcodingen av marine evertebrater og taksonomisk beslektede grupper (f. eks. terrestre Annelida og Crustacea) koordineres i fra Universitetsmuseet i Bergen. Barcode manager her er <a href=\"https:\/\/www.uib.no\/personer\/Katrine.Kongshavn#\">Katrine Kongshavn<\/a>, som har arbeidet ved evertebratavdelingen siden 2009. Hun har i \u00e5renes l\u00f8p v\u00e6rt &#8211; og er &#8211; involvert i mange i ulike prosjekter ved museet. Evertebratsamlingen har en blogg som oppdateres jevnlig, ogs\u00e5 med NorBOL-nyheter: <a href=\"http:\/\/evertebrat.w.uib.no\/\">http:\/\/evertebrat.w.uib.no\/<\/a><\/p>\n<\/div><\/div>\n\n\n\n<div class=\"wp-block-media-text is-stacked-on-mobile\" style=\"grid-template-columns:16% auto\"><figure class=\"wp-block-media-text__media\"><img loading=\"lazy\" decoding=\"async\" width=\"768\" height=\"1024\" src=\"https:\/\/www.norbol.org\/wp-content\/uploads\/2026\/01\/Gunnhild-Martinsen-red-IMG_0012-768x1024.jpg\" alt=\"\" class=\"wp-image-1844 size-full\" srcset=\"https:\/\/www.norbol.org\/wp-content\/uploads\/2026\/01\/Gunnhild-Martinsen-red-IMG_0012-768x1024.jpg 768w, https:\/\/www.norbol.org\/wp-content\/uploads\/2026\/01\/Gunnhild-Martinsen-red-IMG_0012-225x300.jpg 225w, https:\/\/www.norbol.org\/wp-content\/uploads\/2026\/01\/Gunnhild-Martinsen-red-IMG_0012.jpg 800w\" sizes=\"auto, (max-width: 768px) 100vw, 768px\" \/><\/figure><div class=\"wp-block-media-text__content\">\n<p><a href=\"https:\/\/www.nhm.uio.no\/english\/about\/organization\/technical-scientific-conservation\/people\/gunnhilm\/\">Gunnhild\u00a0Marthinsen<\/a> har en PhD i populasjonsgenetikk p\u00e5 fugl fra Universitetet i Oslo.  Hun har bred bakgrunn i molekyl\u00e6rgenetiske metoder og har jobbet mye med sekvensering av COI hos diverse dyregrupper. Som NorBOL manager ved Naturhistorisk museum har hun bl. a. ansvar for koordineringen av DNA strekkoding av terrestriske insekter, stilksporesopper, lav og mindre ikke-marine invertebrater. Gunnhild er kontaktpunkt for strekkoding p\u00e5 \u00d8stlandsomr\u00e5det og Agder. Utover NorBOL-oppgaver jobber\u00a0Gunnhild\u00a0med generell samlingsforvaltning, og spesielt med felles samlingsdatabasesystem for fem norske universitetsmuseer.<\/p>\n<\/div><\/div>\n\n\n\n<div class=\"wp-block-media-text is-stacked-on-mobile\" style=\"grid-template-columns:16% auto\"><figure class=\"wp-block-media-text__media\"><img loading=\"lazy\" decoding=\"async\" width=\"1024\" height=\"768\" src=\"https:\/\/www.norbol.org\/wp-content\/uploads\/2014\/08\/Marie-Foreid-1024x768.jpg\" alt=\"\" class=\"wp-image-580 size-full\" srcset=\"https:\/\/www.norbol.org\/wp-content\/uploads\/2014\/08\/Marie-Foreid-1024x768.jpg 1024w, https:\/\/www.norbol.org\/wp-content\/uploads\/2014\/08\/Marie-Foreid-300x225.jpg 300w, https:\/\/www.norbol.org\/wp-content\/uploads\/2014\/08\/Marie-Foreid-768x576.jpg 768w, https:\/\/www.norbol.org\/wp-content\/uploads\/2014\/08\/Marie-Foreid.jpg 1200w\" sizes=\"auto, (max-width: 1024px) 100vw, 1024px\" \/><\/figure><div class=\"wp-block-media-text__content\">\n<p><a href=\"https:\/\/uit.no\/ansatte\/person?p_document_id=326345\">Marie F\u00f8reid Merkel<\/a> har mastergrad fra Universitetet i Troms\u00f8 og gjorde oppgaven sin p\u00e5 teppesaltgress p\u00e5 Svalbard. Marie er ansvarlig for molekyl\u00e6rlaboratoriene p\u00e5 Norges arktiske universitetsmuseum i Troms\u00f8 og har lang erfaring med arbeid med urgammelt DNA og ulike DNA ekstraheringsmetoder. Marie er kontaktpunkt for Nord-Norge og koordinerer den nasjonale strekkodingen av karplanter og sekksporesopp.<\/p>\n<\/div><\/div>\n","protected":false},"excerpt":{"rendered":"<p>NTNU Vitenskapsmuseet har det nasjonale koordinatoransvaret for NorBOL. Prosjektleder er Torbj\u00f8rn Ekrem. Epost-listen v\u00e5r n\u00e5r mange med interesse og kunnskap om DNA-strekkoding i Norge. Bes\u00f8k denne siden for \u00e5 melde deg p\u00e5 listen og sende meldinger: NorBOL p\u00e5 epost. Barcode managers i NorBOL Aina M\u00e6rk Aspaas har en mastergrad i ferskvanns\u00f8kologi, og har jobbet med [&hellip;]<\/p>\n","protected":false},"author":3,"featured_media":0,"parent":0,"menu_order":70,"comment_status":"closed","ping_status":"closed","template":"","meta":{"footnotes":""},"class_list":["post-14","page","type-page","status-publish","hentry"],"_links":{"self":[{"href":"https:\/\/www.norbol.org\/index.php\/wp-json\/wp\/v2\/pages\/14","targetHints":{"allow":["GET"]}}],"collection":[{"href":"https:\/\/www.norbol.org\/index.php\/wp-json\/wp\/v2\/pages"}],"about":[{"href":"https:\/\/www.norbol.org\/index.php\/wp-json\/wp\/v2\/types\/page"}],"author":[{"embeddable":true,"href":"https:\/\/www.norbol.org\/index.php\/wp-json\/wp\/v2\/users\/3"}],"replies":[{"embeddable":true,"href":"https:\/\/www.norbol.org\/index.php\/wp-json\/wp\/v2\/comments?post=14"}],"version-history":[{"count":16,"href":"https:\/\/www.norbol.org\/index.php\/wp-json\/wp\/v2\/pages\/14\/revisions"}],"predecessor-version":[{"id":1868,"href":"https:\/\/www.norbol.org\/index.php\/wp-json\/wp\/v2\/pages\/14\/revisions\/1868"}],"wp:attachment":[{"href":"https:\/\/www.norbol.org\/index.php\/wp-json\/wp\/v2\/media?parent=14"}],"curies":[{"name":"wp","href":"https:\/\/api.w.org\/{rel}","templated":true}]}}