{"id":1472,"date":"2012-12-20T11:13:00","date_gmt":"2012-12-20T10:13:00","guid":{"rendered":"http:\/\/blogg-342.vm.ntnu.no\/norboltest\/?page_id=8"},"modified":"2025-10-24T11:31:02","modified_gmt":"2025-10-24T11:31:02","slug":"deltakere","status":"publish","type":"page","link":"https:\/\/www.norbol.org\/index.php\/deltakere\/","title":{"rendered":"Om oss"},"content":{"rendered":"<p>Norwegian Barcode of Life (<a title=\"Norwegian Barcode of Life (NorBOL)\" href=\"https:\/\/www.norbol.org\/\">NorBOL<\/a>) er et nasjonalt nettverk av forskningsinstitusjoner for samarbeid om DNA-strekkoding i Norge og en regional node i prosjektet International Barcode of Life (<a href=\"https:\/\/www.ibol.org\">iBOL<\/a>). Vi er ogs\u00e5 aktive i det europeiske nettverket <a href=\"https:\/\/iboleurope.org\/\">iBOL Europe<\/a>. NorBOL n\u00e5dde i 2019 m\u00e5let \u00e5 generere DNA-strekkoder for 20 000 arter og gj\u00f8re disse tilgjengelig i Barcode of Life Data Systems (<a href=\"https:\/\/www.boldsystems.org\">BOLD<\/a>) sammen med tilh\u00f8rende metadata og bilder. Siden da har arbeidet med utvikle referansebiblioteket over norske arter g\u00e5tt jevnt og trutt, og rundt 23 000 arter fra Norge har n\u00e5 en strekkode i BOLD. Det utgj\u00f8r rundt 30% av det estimerte artsmangfoldet av flercellede arter i Norge. Arbeidet fortsetter og nye arter og referansesekvenser blir stadig lagt til i databasen. <a href=\"https:\/\/portal.boldsystems.org\/geo\/Norway\">BOLDs portalvisning for Norge<\/a> gir en oversikt over alle sekvensdata fra Norge i basen.<\/p>\n<p>NorBOL driver ogs\u00e5 informasjonsarbeid mot aktuelle brukere av DNA-strekkoding i forskning og forvaltning samt allmennrettet formidling om metode, bruk og resultater.<\/p>\n<p>For \u00e5 sikre at partnernes kompetanse kommer til nytte i NorBOL-samarbeidet, har det blitt etablert en r\u00e5dgivende gruppe og en mindre styringsgruppe. Den r\u00e5dgivende gruppen skal gi r\u00e5d om faglige og strategiske prioriteringer og best\u00e5r av representanter fra alle samarbeidspartnere i nettverket. Styringsgruppen er mindre og best\u00e5r av representanter fra universitetsmuseene i Oslo, Bergen, Troms\u00f8 og Trondheim samt st\u00f8rre forskningsinstitusjoner, og skal ta endelige beslutninger i saker som kan p\u00e5virke NorBOLs m\u00e5loppn\u00e5else. Det vil normalt v\u00e6re ett \u00e5rlig felles m\u00f8te for r\u00e5dgivende gruppe, mens styringsgruppen normalt m\u00f8tes 1-2 ganger i \u00e5ret etter behov. NTNU Vitenskapsmuseet har som koordinator ansvaret for innkalling og saksliste til m\u00f8tene.<\/p>\n<h3>NorBOLs styringsgruppe<\/h3>\n<ul>\n<li>Inger Greve Alsos, <a title=\"Troms\u00f8 Museum\" href=\"https:\/\/uit.no\/tmu\" target=\"_blank\" rel=\"noopener\">Norges arktiske universitetsmuseum<\/a><\/li>\n<li>Torbj\u00f8rn Ekrem,\u00a0<a href=\"https:\/\/www.ntnu.no\/vitenskapsmuseet\">NTNU Vitenskapsmuseet<\/a><\/li>\n<li>Anette Engesmo, <a href=\"https:\/\/www.niva.no\/\">Norsk institutt for vannforskning<\/a><\/li>\n<li>Hugo de Boer, <a title=\"Naturhistorisk museum\" href=\"https:\/\/www.nhm.uio.no\/\" target=\"_blank\" rel=\"noopener\">Naturhistorisk museum, Universitetet i Oslo<\/a><\/li>\n<li>Frode Foss\u00f8y,\u00a0<a href=\"https:\/\/www.nina.no\/\">Norsk institutt for naturforskning<\/a><\/li>\n<li>Aino Hosia, <a title=\"Universitetsmuseet i Bergen\" href=\"https:\/\/www.uib.no\/universitetsmuseet\/\" target=\"_blank\" rel=\"noopener\">Universitetsmuseet i\u00a0Bergen<\/a><\/li>\n<\/ul>\n<h3>NorBOLs r\u00e5dgivende gruppe<\/h3>\n<ul>\n<li>Tone Birkemoe, Anne Sverdrup-Thygeson, <a href=\"https:\/\/www.nmbu.no\">Norges milj\u00f8- og biovitenskapelige universitet<\/a><\/li>\n<li>May Bente Brurberg, <a href=\"https:\/\/www.nibio.no\/\">Norsk institutt for bio\u00f8konomi<\/a><\/li>\n<li>\u00d8ivind Gammelmo,\u00a0<a href=\"https:\/\/www.biofokus.no\">Biofokus<\/a><\/li>\n<li>Haakon Hansen,\u00a0<a href=\"https:\/\/www.vetinst.no\/\">Veterin\u00e6rinstituttet<\/a><\/li>\n<li>Aud Larsen, <a href=\"https:\/\/www.norceresearch.no\">NORCE<\/a><\/li>\n<li>Vetle L\u00f8veng, <a href=\"https:\/\/helgelandmuseum.no\/\">Helgeland Museum<\/a><\/li>\n<li>Rakel Blaalid, <a href=\"https:\/\/www.nord.no\/no\">Nord Universitet<\/a><\/li>\n<li>Raul Ramirez, <a href=\"https:\/\/www.uia.no\/naturmuseum-og-botanisk-hage\">Naturmuseum og Botanisk Hage, Universitetet i Agder<\/a><\/li>\n<li>Bj\u00f8rn Arne Rukke, <a href=\"https:\/\/www.fhi.no\/\">Folkehelseinstituttet<\/a><\/li>\n<li>Anna Vader,\u00a0<a href=\"https:\/\/www.unis.no\">Universitetssenteret p\u00e5 Svalbard<\/a><\/li>\n<li>Jon-Ivar Westgaard,\u00a0<a href=\"https:\/\/www.imr.no\/\">Havforskningsinstituttet<\/a><\/li>\n<\/ul>\n<h2>Takk til<\/h2>\n<p><a href=\"https:\/\/www.forskningsradet.no\">Norges Forskningsr\u00e5d<\/a>,\u00a0<a title=\"Artsdatabanken\" href=\"https:\/\/https:\/\/www.artsdatabanken.no\" target=\"_blank\" rel=\"noopener\">Artsdatabanken<\/a> og <a href=\"https:\/\/www.artsdatabanken.no\/artPage.aspx?m=7\" target=\"_blank\" rel=\"noopener\">Artsprosjektet <\/a>for finansiering av NorBOL.<\/p>\n<p style=\"text-align: left;\"><a href=\"https:\/\/www.norbol.org\/wp-content\/uploads\/2021\/04\/logoer-medlemmer.jpg\"><img loading=\"lazy\" decoding=\"async\" class=\"alignnone size-full wp-image-1397\" src=\"https:\/\/www.norbol.org\/wp-content\/uploads\/2021\/04\/logoer-medlemmer.jpg\" alt=\"\" width=\"2000\" height=\"1003\" srcset=\"https:\/\/www.norbol.org\/wp-content\/uploads\/2021\/04\/logoer-medlemmer.jpg 2000w, https:\/\/www.norbol.org\/wp-content\/uploads\/2021\/04\/logoer-medlemmer-300x150.jpg 300w, https:\/\/www.norbol.org\/wp-content\/uploads\/2021\/04\/logoer-medlemmer-1024x514.jpg 1024w, https:\/\/www.norbol.org\/wp-content\/uploads\/2021\/04\/logoer-medlemmer-768x385.jpg 768w, https:\/\/www.norbol.org\/wp-content\/uploads\/2021\/04\/logoer-medlemmer-1536x770.jpg 1536w\" sizes=\"auto, (max-width: 2000px) 100vw, 2000px\" \/><\/a><\/p>\n\n\n<p><\/p>\n","protected":false},"excerpt":{"rendered":"<p>Norwegian Barcode of Life (NorBOL) er et nasjonalt nettverk av forskningsinstitusjoner for samarbeid om DNA-strekkoding i Norge og en regional node i prosjektet International Barcode of Life (iBOL). Vi er ogs\u00e5 aktive i det europeiske nettverket iBOL Europe. NorBOL n\u00e5dde i 2019 m\u00e5let \u00e5 generere DNA-strekkoder for 20 000 arter og gj\u00f8re disse tilgjengelig i [&hellip;]<\/p>\n","protected":false},"author":3,"featured_media":0,"parent":0,"menu_order":40,"comment_status":"closed","ping_status":"closed","template":"","meta":{"footnotes":""},"class_list":["post-1472","page","type-page","status-publish","hentry"],"_links":{"self":[{"href":"https:\/\/www.norbol.org\/index.php\/wp-json\/wp\/v2\/pages\/1472","targetHints":{"allow":["GET"]}}],"collection":[{"href":"https:\/\/www.norbol.org\/index.php\/wp-json\/wp\/v2\/pages"}],"about":[{"href":"https:\/\/www.norbol.org\/index.php\/wp-json\/wp\/v2\/types\/page"}],"author":[{"embeddable":true,"href":"https:\/\/www.norbol.org\/index.php\/wp-json\/wp\/v2\/users\/3"}],"replies":[{"embeddable":true,"href":"https:\/\/www.norbol.org\/index.php\/wp-json\/wp\/v2\/comments?post=1472"}],"version-history":[{"count":2,"href":"https:\/\/www.norbol.org\/index.php\/wp-json\/wp\/v2\/pages\/1472\/revisions"}],"predecessor-version":[{"id":1803,"href":"https:\/\/www.norbol.org\/index.php\/wp-json\/wp\/v2\/pages\/1472\/revisions\/1803"}],"wp:attachment":[{"href":"https:\/\/www.norbol.org\/index.php\/wp-json\/wp\/v2\/media?parent=1472"}],"curies":[{"name":"wp","href":"https:\/\/api.w.org\/{rel}","templated":true}]}}