{"id":1473,"date":"2012-12-20T11:13:11","date_gmt":"2012-12-20T10:13:11","guid":{"rendered":"http:\/\/blogg-342.vm.ntnu.no\/norboltest\/?page_id=9"},"modified":"2026-01-13T11:55:39","modified_gmt":"2026-01-13T11:55:39","slug":"prosjekter","status":"publish","type":"page","link":"https:\/\/www.norbol.org\/index.php\/prosjekter\/","title":{"rendered":"Prosjekter i Norge"},"content":{"rendered":"<p style=\"text-align: justify;\">Det er et stort antall forsknings- og inventeringsprosjekter som involverer DNA-strekkoding i Norge. I tillegg til prosjekter som bidrar til referansebiblioteket og NorBOLs arbeid, er det et \u00f8kende antall anvendte prosjekter som benytter DNA-strekkoding i taksonomi, mattrygghet og milj\u00f8overv\u00e5kning, for eksempel <a href=\"https:\/\/www.miljodirektoratet.no\/ansvarsomrader\/overvaking-arealplanlegging\/miljoovervaking\/overvakingsprogrammer\/natur-pa-land\/program-for-insektsovervaking\/\">Norsk insektoverv\u00e5kning<\/a>.<\/p>\n<p style=\"text-align: justify;\">Koordineringen av arbeidet med referansebiblioteket er fordelt p\u00e5 disse institusjonene:<\/p>\n<ul>\n<li>NTNU Vitenskapsmuseet: moser (Bryophyta), spretthaler (Collembola), d\u00f8gnfluer (Ephemeroptera), steinfluer (Plecoptera), \u00f8yenstikkere (Odonata), v\u00e5rfluer (Trichoptera), mudderfluer (Megaloptera), midd (Acari), tovinger (Diptera). Kontakt <a href=\"https:\/\/www.norbol.org\/kontakt-oss\/\">Aina M\u00e6rk Aspaas<\/a><\/li>\n<li>Naturhistorisk museum, UiO: stilksporesopp (Basidiomycota), lav (Lichenes), mangef\u00f8ttinger (Myriapoda), rettvinger (Orthoptera), plantesugere (Hemiptera), nettvinger (Neuroptera), skorpionfluer (Mecoptera), biller (Coleoptera), sommerfugler (Lepidoptera), veps (Hymenoptera), edderkopper (Araneae), vevkjerringer (Opiliones), krypdyr (Reptilia), amfibier (Amphibia), fugl (Aves), pattedyr (Mammalia), ferskvannsfisk (Pisces). Kontakt <a href=\"https:\/\/www.norbol.org\/kontakt-oss\/\">Gunnhild Marthinsen<\/a><\/li>\n<li>Universitetsmuseet i Bergen, UiB: makroalger, svamper (Porifera), nesledyr (Cnidaria), leddormer (Annelida), bladf\u00f8ttinger (Branchiopoda), muslingkreps (Ostracoda), hoppekreps (Copepoda), fiskelus (Branchiura), rankef\u00f8ttinger (Cirripedia), storkreps (Malacostraca), havedderkopper (Pycnogonida), mosdyr (Bryozoa), bl\u00f8tdyr (Mollusca), armfotinger (Brachipoda), pigghuder (Echinodermata), kappedyr (Tunicata), marine fisk (Pisces). Kontakt\u00a0<a href=\"https:\/\/www.norbol.org\/kontakt-oss\/\">Katrine Kongshavn<\/a><\/li>\n<li>Troms\u00f8 Museum &#8211; Universitetsmuseet, UiT: karplanter (Tracheophyta), sekksporesopp (Ascomycota). Kontakt\u00a0<a href=\"https:\/\/www.norbol.org\/kontakt-oss\/\">Marie Kristine F\u00f8reid<\/a>)<\/li>\n<\/ul>\n<p>En database over de artene som er strekkodet s\u00e5 langt finnes her:<a href=\"https:\/\/search.norbol.org\" target=\"_blank\" rel=\"noopener\"> search.norbol.org<\/a>.<\/p>\n<h2>DNA-strekkoding av materiale fra Artsprosjekter<\/h2>\n<p style=\"text-align: justify;\">Mange prosjekter finansiert av det norske <a title=\"Artsprosjektet\" href=\"https:\/\/www.artsdatabanken.no\/artPage.aspx?m=7\" target=\"_blank\" rel=\"noopener\">Artsprosjektet<\/a> har DNA-strekkoding som en sentral del av resultatoppn\u00e5elsen. NorBOL \u00f8nsker \u00e5 bist\u00e5 med r\u00e5dgivning og teknisk assistanse til pr\u00f8vetaking, fotografering og opplasting av data til <a title=\"BOLD\" href=\"https:\/\/boldsystems.org\" target=\"_blank\" rel=\"noopener\">BOLD<\/a>. Dette kan for eksempel ogs\u00e5 inneb\u00e6re deltakelse p\u00e5 tokt og\/eller assistanse med innlegging av sekvenser og kromatogramfiler i tilfeller der sekvensering gj\u00f8res i eget laboratorium. Aktiviteten foreg\u00e5r i utgangspunktet ved universitetsmuseene der det forventes at materialet deponeres, og som har lengst erfaring med DNA-strekkoding, men ogs\u00e5 andre NorBOL-institusjoner kan involveres. Kontaktperson er <a href=\"https:\/\/www.ntnu.no\/ansatte\/torbjorn.ekrem\" target=\"_blank\" rel=\"noopener\">Torbj\u00f8rn Ekrem<\/a>.<\/p>\n<h2>DNA-strekkoding av marine invertebrater<\/h2>\n<p>Universitetsmuseet i Bergen har de senere \u00e5rene satset aktivt p\u00e5 innsamling av materiale som kan strekkodes med DNA. Det foreliggende materialet er blant annet anskaffet gjennom omfattende inventeringer i Skagerrak, ved M\u00f8rekysten, og <a title=\"Mareano\" href=\"https:\/\/www.mareano.no\/\" target=\"_blank\" rel=\"noopener\">MAREANO-prosjektets<\/a> innsamlinger i Nord-Norge. Innsamling og taksonomisk bearbeiding av mange marine organismegrupper er sv\u00e6rt ressurskrevende, og dette hovedomr\u00e5det vil dra nytte av de fordelene som ligger i \u00e5 strekkode materiale som samles inn gjennom eksisterende prosjekter. Kontaktperson er <a href=\"https:\/\/www4.uib.no\/finn-ansatte\/Katrine.Kongshavn\">Katrine Kongshavn<\/a>.<\/p>\n<h2>DNA-strekkoding av terrestriske karplanter og sopp<\/h2>\n<p>Dette arbeidet har s\u00e5 langt v\u00e6rt fokusert p\u00e5 strekkoding av terrestriske karplantearter og sopp fra Troms og Finnmark oppbevart ved Troms\u00f8 museum og sopp og lav ved Naturhistorisk museum i Oslo. For karplanter er det brukt s\u00e5kalt \u00abgenome skimming\u00bb for \u00e5 generere referansebibliotek som best\u00e5r av hele kloroplast genom og ribosomal DNA. Vi vil dermed bli i stand til \u00e5 studere for eksempel slektskap for alle plantearter, evolusjon av organeller, og utvikle strekkoder for spesielle plantegrupper eller urgammelt DNA. Kontaktperson er <a href=\"https:\/\/en.uit.no\/ansatte\/organisasjon\/ansatte\/person?p_document_id=164266&amp;p_dimension_id=88181\" target=\"_blank\" rel=\"noopener\">Inger Greve Alsos<\/a>.<\/p>\n<h2>DNA-strekkoding av materiale i vitenskapelige samlinger<\/h2>\n<p>Objekter i vitenskapelige samlinger er sv\u00e6rt verdifulle for DNA-strekkoding fordi de er kvalitetssikret med hensyn til identifikasjon og metadata. I tillegg kan samlinger inneholde arter som er sjeldne eller p\u00e5 annen m\u00e5te vanskelig \u00e5 f\u00e5 tak i i naturen. DNA-strekkoding av insekter p\u00e5 n\u00e5l har vist seg \u00e5 v\u00e6re en effektiv m\u00e5te \u00e5 generere mange strekkoder p\u00e5 kort tid, spesielt gjennom genome skimming. Kontaktperson er <a href=\"https:\/\/www.ntnu.no\/ansatte\/torbjorn.ekrem\">Torbj\u00f8rn Ekrem<\/a>.<\/p>\n","protected":false},"excerpt":{"rendered":"<p>Det er et stort antall forsknings- og inventeringsprosjekter som involverer DNA-strekkoding i Norge. I tillegg til prosjekter som bidrar til referansebiblioteket og NorBOLs arbeid, er det et \u00f8kende antall anvendte prosjekter som benytter DNA-strekkoding i taksonomi, mattrygghet og milj\u00f8overv\u00e5kning, for eksempel Norsk insektoverv\u00e5kning. Koordineringen av arbeidet med referansebiblioteket er fordelt p\u00e5 disse institusjonene: NTNU Vitenskapsmuseet: [&hellip;]<\/p>\n","protected":false},"author":3,"featured_media":0,"parent":0,"menu_order":30,"comment_status":"closed","ping_status":"closed","template":"","meta":{"footnotes":""},"class_list":["post-1473","page","type-page","status-publish","hentry"],"_links":{"self":[{"href":"https:\/\/www.norbol.org\/index.php\/wp-json\/wp\/v2\/pages\/1473","targetHints":{"allow":["GET"]}}],"collection":[{"href":"https:\/\/www.norbol.org\/index.php\/wp-json\/wp\/v2\/pages"}],"about":[{"href":"https:\/\/www.norbol.org\/index.php\/wp-json\/wp\/v2\/types\/page"}],"author":[{"embeddable":true,"href":"https:\/\/www.norbol.org\/index.php\/wp-json\/wp\/v2\/users\/3"}],"replies":[{"embeddable":true,"href":"https:\/\/www.norbol.org\/index.php\/wp-json\/wp\/v2\/comments?post=1473"}],"version-history":[{"count":6,"href":"https:\/\/www.norbol.org\/index.php\/wp-json\/wp\/v2\/pages\/1473\/revisions"}],"predecessor-version":[{"id":1874,"href":"https:\/\/www.norbol.org\/index.php\/wp-json\/wp\/v2\/pages\/1473\/revisions\/1874"}],"wp:attachment":[{"href":"https:\/\/www.norbol.org\/index.php\/wp-json\/wp\/v2\/media?parent=1473"}],"curies":[{"name":"wp","href":"https:\/\/api.w.org\/{rel}","templated":true}]}}